{"id":17972,"date":"2020-02-18T11:31:43","date_gmt":"2020-02-18T11:31:43","guid":{"rendered":"https:\/\/demo01.houzez.co\/?page_id=10"},"modified":"2025-12-02T15:20:09","modified_gmt":"2025-12-02T19:20:09","slug":"home-default","status":"publish","type":"page","link":"https:\/\/l2r-immo.fr\/","title":{"rendered":"Home Default"},"content":{"rendered":"\t\t<div data-elementor-type=\"wp-page\" data-elementor-id=\"17972\" class=\"elementor elementor-17972\">\n\t\t\t\t\t\t<section class=\"elementor-section elementor-top-section elementor-element elementor-element-b147f27 elementor-section-stretched elementor-section-height-min-height elementor-section-boxed elementor-section-height-default elementor-section-items-middle\" data-id=\"b147f27\" data-element_type=\"section\" data-e-type=\"section\" data-settings=\"{&quot;stretch_section&quot;:&quot;section-stretched&quot;,&quot;background_background&quot;:&quot;classic&quot;}\">\n\t\t\t\t\t\t\t<div class=\"elementor-background-overlay\"><\/div>\n\t\t\t\t\t\t\t<div class=\"elementor-container elementor-column-gap-default\">\n\t\t\t\t\t<div class=\"elementor-column elementor-col-100 elementor-top-column elementor-element elementor-element-1c7ef66\" data-id=\"1c7ef66\" data-element_type=\"column\" data-e-type=\"column\">\n\t\t\t<div class=\"elementor-widget-wrap elementor-element-populated\">\n\t\t\t\t\t\t<section class=\"elementor-section elementor-inner-section elementor-element elementor-element-832f136 elementor-section-boxed elementor-section-height-default elementor-section-height-default\" data-id=\"832f136\" data-element_type=\"section\" data-e-type=\"section\">\n\t\t\t\t\t\t<div class=\"elementor-container elementor-column-gap-default\">\n\t\t\t\t\t<div class=\"elementor-column elementor-col-16 elementor-inner-column elementor-element elementor-element-4953fca\" data-id=\"4953fca\" data-element_type=\"column\" data-e-type=\"column\">\n\t\t\t<div class=\"elementor-widget-wrap\">\n\t\t\t\t\t\t\t<\/div>\n\t\t<\/div>\n\t\t\t\t<div class=\"elementor-column elementor-col-66 elementor-inner-column elementor-element elementor-element-b488bd4\" data-id=\"b488bd4\" data-element_type=\"column\" data-e-type=\"column\">\n\t\t\t<div class=\"elementor-widget-wrap elementor-element-populated\">\n\t\t\t\t\t\t<div class=\"elementor-element elementor-element-5f1a2d6 animated-slow elementor-invisible elementor-widget elementor-widget-houzez_elementor_section_title\" data-id=\"5f1a2d6\" data-element_type=\"widget\" data-e-type=\"widget\" data-settings=\"{&quot;_animation&quot;:&quot;fadeIn&quot;}\" data-widget_type=\"houzez_elementor_section_title.default\">\n\t\t\t\t<div class=\"elementor-widget-container\">\n\t\t\t\t\t            <div class=\"houzez_section_title_wrap section-title-module\">\n                                    <h2 class=\"houzez_section_title\">L2R IMMO : Constructeur & Gestionnaire en Guadeloupe<\/h2>\n                \n                                    <p class=\"houzez_section_subtitle\">Achetez ou louez votre villa et autres en direct propri\u00e9taire, sans interm\u00e9diaire. Vente, location \u00e0 l'ann\u00e9e et s\u00e9jours touristiques.<\/p>\n                            <\/div>\n            \t\t\t\t<\/div>\n\t\t\t\t<\/div>\n\t\t\t\t\t<\/div>\n\t\t<\/div>\n\t\t\t\t<div class=\"elementor-column elementor-col-16 elementor-inner-column elementor-element elementor-element-5dacfcd\" data-id=\"5dacfcd\" data-element_type=\"column\" data-e-type=\"column\">\n\t\t\t<div class=\"elementor-widget-wrap\">\n\t\t\t\t\t\t\t<\/div>\n\t\t<\/div>\n\t\t\t\t\t<\/div>\n\t\t<\/section>\n\t\t\t\t\t<\/div>\n\t\t<\/div>\n\t\t\t\t\t<\/div>\n\t\t<\/section>\n\t\t\t\t<section class=\"elementor-section elementor-top-section elementor-element elementor-element-de02c12 elementor-section-boxed elementor-section-height-default elementor-section-height-default\" data-id=\"de02c12\" data-element_type=\"section\" data-e-type=\"section\">\n\t\t\t\t\t\t<div class=\"elementor-container elementor-column-gap-default\">\n\t\t\t\t\t<div class=\"elementor-column elementor-col-100 elementor-top-column elementor-element elementor-element-5c73b61\" data-id=\"5c73b61\" data-element_type=\"column\" data-e-type=\"column\">\n\t\t\t<div class=\"elementor-widget-wrap elementor-element-populated\">\n\t\t\t\t\t\t<div class=\"elementor-element elementor-element-3a474c0 elementor-button-align-stretch elementor-widget elementor-widget-houzez_elementor_search_builder\" data-id=\"3a474c0\" data-element_type=\"widget\" data-e-type=\"widget\" data-widget_type=\"houzez_elementor_search_builder.default\">\n\t\t\t\t<div class=\"elementor-widget-container\">\n\t\t\t\t\t\n        <form class=\"houzez-search-form-js houzez-search-builder-form-js\" id=\"houzez-search-3a474c0\" method=\"get\" action=\"https:\/\/l2r-immo.fr\/\" >\n\n            \n            <ul id=\"houzez-search-tabs-wrap\" class=\"houzez-status-tabs nav nav-pills\" role=\"tablist\" data-bs-toggle=\"buttons\">\n            \n                                <li class=\"nav-item\">\n                    <a class=\"nav-link active\" data-val=\"\" data-bs-toggle=\"pill\" href=\"#\" role=\"tab\" aria-bs-selected=\"true\">\n                        Tout                    <\/a>\n                <\/li>\n                \n                <li class=\"nav-item\">\n                                <a class=\"status-tab-js nav-link \" data-val=\"a-louer\" data-bs-toggle=\"pill\" href=\"#\" role=\"tab\" aria-bs-selected=\"true\">\n                                    A Louer\n                                <\/a>\n                            <\/li><li class=\"nav-item\">\n                                <a class=\"status-tab-js nav-link \" data-val=\"a-vendre\" data-bs-toggle=\"pill\" href=\"#\" role=\"tab\" aria-bs-selected=\"true\">\n                                    A Vendre\n                                <\/a>\n                            <\/li><li class=\"nav-item\">\n                                <a class=\"status-tab-js nav-link \" data-val=\"saisonnier\" data-bs-toggle=\"pill\" href=\"#\" role=\"tab\" aria-bs-selected=\"true\">\n                                    Saisonnier\n                                <\/a>\n                            <\/li>                <input type=\"hidden\" name=\"status[]\" id=\"search-tabs\" value=\"\">\n            <\/ul>\n            \n            <div class=\"houzez-search-builder-wrapper\">\n\n                <div class=\"houzez-ele-search-form-wrapper elementor-form-fields-wrapper elementor-labels-above\">\n\n                                            <div class=\"elementor-field-group elementor-column form-group elementor-field-group-field-types elementor-col-20 elementor-sm-100\">\n                    <label for=\"form-field-field-types\" class=\"elementor-field-label\">Looking for<\/label>        <div class=\"elementor-field elementor-select-wrapper form-group\">\n            <select multiple=\"multiple\" title=\"Property Type\" data-selected-text-format=\"count &gt; 1\" data-select-all-text=\"Tout s\u00e9lectionner\" data-deselect-all-text=\"Tout d\u00e9s\u00e9lectionner\" data-actions-box=\"true\" data-count-selected-text=\"{0} types selected\" data-size=\"5\" name=\"type[]\" id=\"form-field-field-types\" class=\"selectpicker bs-select-hidden houzez-field-textual form-control elementor-size-sm \" data-none-results-text=\"Aucun r\u00e9sultat trouv\u00e9 {0}\">\n                <option data-ref=\"studio\"   value=\"studio\">Appartement<\/option><option data-ref=\"terrain\"   value=\"terrain\">Terrain<\/option><option data-ref=\"villa\"   value=\"villa\">Villa<\/option>            <\/select>\n        <\/div>\n                            <\/div>\n                                <div class=\"elementor-field-group elementor-column form-group elementor-field-group-6b0017d elementor-col-20\">\n                    <label for=\"form-field-6b0017d\" class=\"elementor-field-label\">Ville<\/label>        <div class=\"elementor-field elementor-select-wrapper form-group\">\n            <select data-size=\"5\" name=\"location[]\" id=\"form-field-6b0017d\" class=\"selectpicker bs-select-hidden houzez-field-textual form-control elementor-size-sm houzezSelectFilter houzezCityFilter houzezThirdList houzez-city-js\" data-none-results-text=\"Aucun r\u00e9sultat trouv\u00e9 {0}\" data-target=\"houzezFourthList\">\n                <option value=\"\">...<\/option>            <\/select>\n        <\/div>\n                            <\/div>\n                                <div class=\"elementor-field-group elementor-column form-group elementor-field-group-field-beds elementor-col-20 elementor-sm-100\">\n                    <label for=\"form-field-field-beds\" class=\"elementor-field-label\">Nombre de chambre<\/label>        <div class=\"elementor-field elementor-select-wrapper\">\n            <select data-size=\"5\" name=\"bedrooms\" id=\"form-field-field-beds\" class=\"selectpicker bs-select-hidden houzez-field-textual form-control elementor-size-sm\">\n                <option value=\"\">T1\/T2\/T3<\/option><option value=\"1\">1<\/option><option value=\"2\">2<\/option><option value=\"3\">3<\/option><option value=\"4\">4<\/option><option value=\"5\">5<\/option><option value=\"6\">6<\/option><option value=\"7\">7<\/option><option value=\"8\">8<\/option><option value=\"9\">9<\/option><option value=\"10\">10<\/option><option value=\"any\">Any<\/option>            <\/select>\n        <\/div>\n                            <\/div>\n                                <div class=\"elementor-field-group elementor-column form-group elementor-field-group-field-max-price elementor-col-20 elementor-sm-100\">\n                    <label for=\"form-field-field-max-price\" class=\"elementor-field-label\">Your budget<\/label>        <div class=\"prices-for-all elementor-field elementor-select-wrapper\">\n            <select data-size=\"5\" name=\"max-price\" id=\"form-field-field-max-price\" class=\"selectpicker bs-select-hidden houzez-field-textual form-control elementor-size-sm\">\n                <option value=\"\">Max. Price<\/option><option value=\"any\">Any<\/option><option value=\"5000\">5000\u20ac<\/option><option value=\"10000\">10000\u20ac<\/option><option value=\"50000\">50000\u20ac<\/option><option value=\"100000\">100000\u20ac<\/option><option value=\"200000\">200000\u20ac<\/option><option value=\"300000\">300000\u20ac<\/option><option value=\"400000\">400000\u20ac<\/option><option value=\"500000\">500000\u20ac<\/option><option value=\"600000\">600000\u20ac<\/option><option value=\"700000\">700000\u20ac<\/option><option value=\"800000\">800000\u20ac<\/option><option value=\"900000\">900000\u20ac<\/option><option value=\"1000000\">1000000\u20ac<\/option><option value=\"1500000\">1500000\u20ac<\/option><option value=\"2000000\">2000000\u20ac<\/option><option value=\"2500000\">2500000\u20ac<\/option><option value=\"5000000\">5000000\u20ac<\/option><option value=\"10000000\">10000000\u20ac<\/option>\n            <\/select><!-- selectpicker -->\n        <\/div><!-- form-group -->\n\n        <div class=\"hide prices-only-for-rent elementor-field elementor-select-wrapper\">\n            <select data-size=\"5\" name=\"max-price\" id=\"form-field-field-max-price\" class=\"selectpicker bs-select-hidden houzez-field-textual form-control elementor-size-sm\">\n                <option value=\"\">Max. Price<\/option><option value=\"any\">Any<\/option><option value=\"1000\">1000\u20ac<\/option><option value=\"2000\">2000\u20ac<\/option><option value=\"3000\">3000\u20ac<\/option><option value=\"4000\">4000\u20ac<\/option><option value=\"5000\">5000\u20ac<\/option><option value=\"7500\">7500\u20ac<\/option><option value=\"10000\">10000\u20ac<\/option><option value=\"15000\">15000\u20ac<\/option><option value=\"20000\">20000\u20ac<\/option><option value=\"25000\">25000\u20ac<\/option><option value=\"30000\">30000\u20ac<\/option><option value=\"40000\">40000\u20ac<\/option><option value=\"50000\">50000\u20ac<\/option><option value=\"75000\">75000\u20ac<\/option><option value=\"100000\">100000\u20ac<\/option><option value=\"150000\">150000\u20ac<\/option>\n            <\/select><!-- selectpicker -->\n        <\/div><!-- form-group -->\n                            <\/div>\n                                    <div class=\"elementor-field-group elementor-column elementor-field-type-submit elementor-col-20\">\n                                <button type=\"submit\" class=\"houzez-search-button btn-primary elementor-button elementor-size-sm\">\n                                                                            Recherche                                                                    <\/button>\n                            <\/div>\n                            \n                <\/div><!-- End main wrapper-->\n\n                            <\/div> <!-- End houzez-search-builder-wrapper -->\n        <\/form>\n\n        \t\t\t\t<\/div>\n\t\t\t\t<\/div>\n\t\t\t\t\t<\/div>\n\t\t<\/div>\n\t\t\t\t\t<\/div>\n\t\t<\/section>\n\t\t\t\t<section class=\"elementor-section elementor-top-section elementor-element elementor-element-6fc59222 elementor-section-content-middle elementor-section-stretched elementor-section-full_width elementor-section-height-default elementor-section-height-default\" data-id=\"6fc59222\" data-element_type=\"section\" data-e-type=\"section\" data-settings=\"{&quot;stretch_section&quot;:&quot;section-stretched&quot;}\">\n\t\t\t\t\t\t\t<div class=\"elementor-background-overlay\"><\/div>\n\t\t\t\t\t\t\t<div class=\"elementor-container elementor-column-gap-wide\">\n\t\t\t\t\t<div class=\"elementor-column elementor-col-100 elementor-top-column elementor-element elementor-element-766ac79d\" data-id=\"766ac79d\" data-element_type=\"column\" data-e-type=\"column\">\n\t\t\t<div class=\"elementor-widget-wrap elementor-element-populated\">\n\t\t\t\t\t\t<div class=\"elementor-element elementor-element-5ea3651b elementor-widget elementor-widget-houzez_elementor_space\" data-id=\"5ea3651b\" data-element_type=\"widget\" data-e-type=\"widget\" data-widget_type=\"houzez_elementor_space.default\">\n\t\t\t\t<div class=\"elementor-widget-container\">\n\t\t\t\t\t        <div class=\"houzez-spacer\">\n            <div class=\"houzez-spacer-inner\"><\/div>\n        <\/div>\n        \t\t\t\t<\/div>\n\t\t\t\t<\/div>\n\t\t\t\t<section class=\"elementor-section elementor-inner-section elementor-element elementor-element-35435fd1 elementor-section-boxed elementor-section-height-default elementor-section-height-default\" data-id=\"35435fd1\" data-element_type=\"section\" data-e-type=\"section\">\n\t\t\t\t\t\t<div class=\"elementor-container elementor-column-gap-default\">\n\t\t\t\t\t<div class=\"elementor-column elementor-col-100 elementor-inner-column elementor-element elementor-element-4540024e\" data-id=\"4540024e\" data-element_type=\"column\" data-e-type=\"column\">\n\t\t\t<div class=\"elementor-widget-wrap elementor-element-populated\">\n\t\t\t\t\t\t<div class=\"elementor-element elementor-element-61d75a7d animated-slow elementor-invisible elementor-widget elementor-widget-houzez_elementor_section_title\" data-id=\"61d75a7d\" data-element_type=\"widget\" data-e-type=\"widget\" data-settings=\"{&quot;_animation&quot;:&quot;fadeIn&quot;}\" data-widget_type=\"houzez_elementor_section_title.default\">\n\t\t\t\t<div class=\"elementor-widget-container\">\n\t\t\t\t\t            <div class=\"houzez_section_title_wrap section-title-module\">\n                                    <h2 class=\"houzez_section_title\">Nos Opportunit\u00e9s du Moment<\/h2>\n                \n                                    <p class=\"houzez_section_subtitle\">D\u00e9couvrez une s\u00e9lection exclusive de villas et appartements disponibles \u00e0 la vente ou \u00e0 la location.<\/p>\n                            <\/div>\n            \t\t\t\t<\/div>\n\t\t\t\t<\/div>\n\t\t\t\t\t<\/div>\n\t\t<\/div>\n\t\t\t\t\t<\/div>\n\t\t<\/section>\n\t\t\t\t<div class=\"elementor-element elementor-element-b190306 elementor-widget elementor-widget-spacer\" data-id=\"b190306\" data-element_type=\"widget\" data-e-type=\"widget\" data-widget_type=\"spacer.default\">\n\t\t\t\t\t\t\t<div class=\"elementor-spacer\">\n\t\t\t<div class=\"elementor-spacer-inner\"><\/div>\n\t\t<\/div>\n\t\t\t\t\t\t<\/div>\n\t\t\t\t<div class=\"elementor-element elementor-element-30e331f elementor-widget elementor-widget-houzez_elementor_properties_carousel_v2\" data-id=\"30e331f\" data-element_type=\"widget\" data-e-type=\"widget\" data-widget_type=\"houzez_elementor_properties_carousel_v2.default\">\n\t\t\t\t<div class=\"elementor-widget-container\">\n\t\t\t\t\t        <div class=\"property-carousel-module property-carousel-module-v1 property-carousel-module-v1-3cols houzez-carousel-arrows-JaI0u\">\n            <div class=\"property-carousel-buttons-wrap \">\n                                            <\/div><!-- property-carousel-buttons-wrap -->\n\n            <div class=\"listing-view grid-view\">\n                <div id=\"houzez-properties-carousel-JaI0u\" data-token=\"JaI0u\" class=\"houzez-properties-carousel-js houzez-all-slider-wrap property-carousel-wrap-v1-3cols\">\n                                    <\/div><!-- carousel-wrap -->\n            <\/div><!-- listing-view grid-view -->\n            \n                    <\/div><!-- property-carousel-module -->\n        \t\t\t\t<\/div>\n\t\t\t\t<\/div>\n\t\t\t\t\t<\/div>\n\t\t<\/div>\n\t\t\t\t\t<\/div>\n\t\t<\/section>\n\t\t\t\t<\/div>\n\t\t","protected":false},"excerpt":{"rendered":"<p>L2R IMMO : Constructeur &#038; Gestionnaire en Guadeloupe Achetez ou louez votre villa et autres en direct propri\u00e9taire, sans interm\u00e9diaire. Vente, location \u00e0 l&#8217;ann\u00e9e et s\u00e9jours touristiques. Tout A Louer A Vendre Saisonnier Looking for AppartementTerrainVilla Ville &#8230; Nombre de chambre T1\/T2\/T312345678910Any Your budget Max. PriceAny5000\u20ac10000\u20ac50000\u20ac100000\u20ac200000\u20ac300000\u20ac400000\u20ac500000\u20ac600000\u20ac700000\u20ac800000\u20ac900000\u20ac1000000\u20ac1500000\u20ac2000000\u20ac2500000\u20ac5000000\u20ac10000000\u20ac Max. PriceAny1000\u20ac2000\u20ac3000\u20ac4000\u20ac5000\u20ac7500\u20ac10000\u20ac15000\u20ac20000\u20ac25000\u20ac30000\u20ac40000\u20ac50000\u20ac75000\u20ac100000\u20ac150000\u20ac Recherche Nos Opportunit\u00e9s du Moment D\u00e9couvrez une [&hellip;]<\/p>\n","protected":false},"author":1,"featured_media":0,"parent":0,"menu_order":0,"comment_status":"closed","ping_status":"closed","template":"template\/template-homepage.php","meta":{"footnotes":""},"class_list":["post-17972","page","type-page","status-publish","hentry"],"_links":{"self":[{"href":"https:\/\/l2r-immo.fr\/index.php?rest_route=\/wp\/v2\/pages\/17972","targetHints":{"allow":["GET"]}}],"collection":[{"href":"https:\/\/l2r-immo.fr\/index.php?rest_route=\/wp\/v2\/pages"}],"about":[{"href":"https:\/\/l2r-immo.fr\/index.php?rest_route=\/wp\/v2\/types\/page"}],"author":[{"embeddable":true,"href":"https:\/\/l2r-immo.fr\/index.php?rest_route=\/wp\/v2\/users\/1"}],"replies":[{"embeddable":true,"href":"https:\/\/l2r-immo.fr\/index.php?rest_route=%2Fwp%2Fv2%2Fcomments&post=17972"}],"version-history":[{"count":11,"href":"https:\/\/l2r-immo.fr\/index.php?rest_route=\/wp\/v2\/pages\/17972\/revisions"}],"predecessor-version":[{"id":18157,"href":"https:\/\/l2r-immo.fr\/index.php?rest_route=\/wp\/v2\/pages\/17972\/revisions\/18157"}],"wp:attachment":[{"href":"https:\/\/l2r-immo.fr\/index.php?rest_route=%2Fwp%2Fv2%2Fmedia&parent=17972"}],"curies":[{"name":"wp","href":"https:\/\/api.w.org\/{rel}","templated":true}]}}